{"id":5623,"date":"2024-10-31T14:37:15","date_gmt":"2024-10-31T12:37:15","guid":{"rendered":"https:\/\/www.mallorcaweb.com\/legal-info\/"},"modified":"2025-01-28T20:32:51","modified_gmt":"2025-01-28T18:32:51","slug":"legal-info","status":"publish","type":"page","link":"https:\/\/www.mallorcaweb.com\/en\/legal-info\/","title":{"rendered":"Legal Info"},"content":{"rendered":"<section class=\"l-section wpb_row height_medium\"><div class=\"l-section-h i-cf\"><div class=\"g-cols vc_row via_flex valign_top type_default stacking_default\"><div class=\"vc_col-sm-8 wpb_column vc_column_container\"><div class=\"vc_column-inner\"><div class=\"wpb_wrapper\"><div class=\"w-tabs layout_hor style_simple2 switch_click has_scrolling remove_indents\" style=\"--sections-title-size:max( 1rem, 1.5vw )\"><div class=\"w-tabs-list items_3 align_none\" style=\"font-weight:500;text-transform:uppercase;line-height:3rem;\"><div class=\"w-tabs-list-h\"><button class=\"w-tabs-item active\" aria-controls=\"content-infolegalmallorcaweb\" aria-expanded=\"false\"><span class=\"w-tabs-item-title\">Legal Info<\/span><\/button><button class=\"w-tabs-item\" aria-controls=\"content-privacitatmallorcaweb\" aria-expanded=\"false\"><span class=\"w-tabs-item-title\">Privacy<\/span><\/button><button class=\"w-tabs-item\" aria-controls=\"content-cookiesmallorcaweb\" aria-expanded=\"false\"><span class=\"w-tabs-item-title\">Cookies<\/span><\/button><\/div><\/div><div class=\"w-tabs-sections titles-align_none icon_chevron cpos_right\"><div class=\"w-tabs-section active\" id=\"infolegalmallorcaweb\"><button class=\"w-tabs-section-header active\" aria-controls=\"content-infolegalmallorcaweb\" aria-expanded=\"true\"><div class=\"w-tabs-section-title\">Legal Info<\/div><div class=\"w-tabs-section-control\"><\/div><\/button><div  class=\"w-tabs-section-content\" id=\"content-infolegalmallorcaweb\"><div class=\"w-tabs-section-content-h i-cf\"><div class=\"wpb_text_column\"><div class=\"wpb_wrapper\"><h2>Legal Info<\/h2>\n<p>En cumplimiento con el deber de informaci\u00f3n recogido en el art\u00edculo 10 de la Ley 34\/2002, de 11 de julio, de Servicios de la Sociedad de la Informaci\u00f3n y del Comercio Electr\u00f3nico, a continuaci\u00f3n se reflejan los siguientes datos:<\/p>\n<p>Representant legal: MALLORCAWEB SL<\/p>\n<p>NIF: B-07855414<\/p>\n<p>https:\/\/www.mallorcaweb.com\/<\/p>\n<p>Adre\u00e7a: S&#8217;Estanyera 60 &#8211; 07150 ANDRATX (Illes Balears)<\/p>\n<p>E-mail: balearweb@balearweb.com<\/p>\n<p>Tel\u00e8fon: 971235730<\/p>\n<p>Registre: Inscrita en el Registre Mercantil de Mallorca. Folis 76 i seg\u00fcents del tom 1.537, secci\u00f3 8\u00aa, full PM-28682.<\/p>\n<p><strong>1. NORMAS APLICABLES<\/strong><\/p>\n<p>El presente Aviso Legal est\u00e1 sujeto a lo dispuesto en la Ley Org\u00e1nica 03\/2018, de 05 de diciembre, Reglamento UE 2016\/679 del Parlamento Europeo y del Consejo de 27 de abril de 2016 relativo a la protecci\u00f3n de las personas f\u00edsicas en lo que respecta al tratamiento de datos personales y a la Ley 34\/2002 de 11 de julio, de Servicios de la Sociedad de la Informaci\u00f3n y de Comercio Electr\u00f3nico, el Real Decreto-ley 13\/2012, de 30 de marzo, por el que se transponen directivas en materia de mercados interiores de electricidad y gas y en materia de comunicaciones electr\u00f3nicas, y por el que se adoptan medidas para la correcci\u00f3n de las desviaciones por desajustes entre los costes e ingresos de los sectores el\u00e9ctrico y gasista, as\u00ed como cualquier normativa posterior que las modifican o desarrollan.<\/p>\n<p><strong>2. USUARIOS<\/strong><\/p>\n<p>El acceso y\/o uso de este sitio Web le atribuye la condici\u00f3n de USUARIO, que acepta las Condiciones Generales de Uso aqu\u00ed reflejadas cualquier persona que no acepte estas condiciones deber\u00e1 abstenerse de utilizar el Sitio Web. Las citadas Condiciones ser\u00e1n de aplicaci\u00f3n independientemente de las Condiciones Generales de Contrataci\u00f3n que en su caso resulten de obligado cumplimiento.<\/p>\n<p><strong>3. USO DEL SITIO WEB<\/strong><\/p>\n<p>El acceso y uso del sitio Web y todos los subdominios y directorios incluidos bajo la misma, as\u00ed como los servicios o contenidos que a trav\u00e9s de \u00e9l se puedan obtener bajo su titularidad, est\u00e1n sujetos a los t\u00e9rminos que se detallan en este Aviso Legal, sin perjuicio de que el acceso a alguno de dichos servicios o contenidos pudieran precisar de la aceptaci\u00f3n de unas Condiciones Generales particulares adicionales.<br \/>\nPor ello, si las consideraciones detalladas en este Aviso Legal no son de su conformidad, rogamos no haga uso del Sitio Web, ya que cualquier uso que haga del mismo o de los servicios y contenidos en \u00e9l incluidos implicar\u00e1 la aceptaci\u00f3n de los t\u00e9rminos legales recogidos en este texto.<\/p>\n<p><strong>4. DERECHOS DE PROPIEDAD INTELECTUAL E INDUSTRIAL<\/strong><\/p>\n<p>Tanto el dise\u00f1o de sitio Web de su titularidad y sus c\u00f3digos fuente, como los logos, marcas, y dem\u00e1s signos distintivos que aparecen en el mismo, pertenecen a la empresa o entidades colaboradoras y est\u00e1n protegidos por los correspondientes derechos de propiedad intelectual e industrial. Igualmente est\u00e1n protegidos por los correspondientes derechos de propiedad intelectual e industrial las im\u00e1genes y dem\u00e1s contenidos incluidos en el servidor.<\/p>\n<p>Su uso, reproducci\u00f3n, distribuci\u00f3n, comunicaci\u00f3n p\u00fablica, transformaci\u00f3n o cualquier otra actividad similar o an\u00e1loga, queda totalmente prohibida salvo que medie expresa autorizaci\u00f3n del titular. La licencia de uso de cualquier contenido de este Sitio Web otorgada al Usuario se limita a la descarga por parte del Usuario de dicho contenido y el uso privado del mismo, siempre que los citados contenidos permanezcan \u00edntegros.<\/p>\n<p>La empresa declara su respeto a los derechos de propiedad intelectual e industrial de terceros; por ello, si considera que este sitio pudiera estar violando sus derechos, rogamos se ponga en contacto.<\/p>\n<p>Aquellos Usuarios que env\u00eden al Sitio Web observaciones, opiniones o comentarios por medio del servicio de correo electr\u00f3nico o por cualquier otro medio, en los casos en los que por la naturaleza de los servicios ello sea posible, se entiende que autorizan a la empresa para la reproducci\u00f3n, distribuci\u00f3n, comunicaci\u00f3n p\u00fablica, transformaci\u00f3n, y el ejercicio de cualquier otro derecho de explotaci\u00f3n, de tales observaciones, opiniones o comentarios, por todo el tiempo de protecci\u00f3n de derecho de autor que est\u00e9 previsto legalmente y sin limitaci\u00f3n territorial. Asimismo, se entiende que esta autorizaci\u00f3n se hace a t\u00edtulo gratuito.<\/p>\n<p><strong>5. EXCLUSI\u00d3N DE GARANT\u00cdAS Y RESPONSABILIDAD<\/strong><\/p>\n<p>La empresa no se hace responsable, en ning\u00fan caso, de los da\u00f1os y perjuicios de cualquier naturaleza que pudieran ocasionar, a t\u00edtulo enunciativo, errores u omisiones en los contenidos, falta de disponibilidad del sitio Web o la transmisi\u00f3n de virus o programas maliciosos o lesivos en los contenidos, a pesar de haber adoptado todas las medidas tecnol\u00f3gicas necesarias para evitarlo.<\/p>\n<p>Los enlaces del Sitio Web que se puedan dirigir a Sitios Web de terceros, la empresa no asumir\u00e1 ninguna responsabilidad por el contenido, informaciones o servicios que pudieran aparecer en estos sitios.<br \/>\nLa empresa tampoco se hace responsable de las infracciones realizadas por Usuarios de web que afecten a terceros.<\/p>\n<p><strong>6. MODIFICACIONES<\/strong><\/p>\n<p>La empresa se reserva el derecho a realizar cambios en el Sitio Web\u00a0del que es titular sin previo aviso, con el objeto de actualizar, corregir, modificar, a\u00f1adir o eliminar los contenidos del sitio Web o de su dise\u00f1o. Los contenidos y servicios que ofrece el sitio Web se actualizan peri\u00f3dicamente. Debido a que la actualizaci\u00f3n de la informaci\u00f3n no es inmediata, le sugerimos que compruebe siempre la vigencia y exactitud de la informaci\u00f3n, servicios y contenidos recogidos en los mismos.<\/p>\n<p><strong>7. DERECHO DE EXCLUSI\u00d3N<\/strong><\/p>\n<p>La empresa se reserva el derecho a denegar o retirar el acceso al sitio Web y\/o los servicios ofrecidos sin necesidad de preaviso, a instancia propia o de un tercero, a aquellos Usuarios que incumplan las presentes Condiciones Generales de Uso.<\/p>\n<p><strong>8. GENERALIDADES<\/strong><\/p>\n<p>La empresa perseguir\u00e1 el incumplimiento de las presentes condiciones as\u00ed como cualquier utilizaci\u00f3n indebida de su sitio Web ejerciendo todas las acciones civiles y penales que le puedan corresponder en derecho.<\/p>\n<p><strong>9. MODIFICACI\u00d3N DE LAS PRESENTES CONDICIONES Y DURACI\u00d3N<\/strong><\/p>\n<p>La empresa podr\u00e1 modificar en cualquier momento las condiciones aqu\u00ed determinadas, siendo debidamente publicadas como aqu\u00ed aparecen. La vigencia de las citadas condiciones ir\u00e1 en funci\u00f3n de su exposici\u00f3n y estar\u00e1n vigentes hasta que sean modificadas por otras debidamente publicadas.<br \/>\nLas condiciones y t\u00e9rminos que se recogen en el presente Aviso Legal pueden variar, por lo que le invitamos a que revise estos t\u00e9rminos cuando visite de nuevo el Sitio Web.<\/p>\n<p><strong>10. LEGISLACI\u00d3N APLICABLE Y JURISDICCI\u00d3N<\/strong><\/p>\n<p>La ley aplicable en caso de disputa o conflicto de interpretaci\u00f3n de los t\u00e9rminos que conforman este Aviso Legal, as\u00ed como cualquier cuesti\u00f3n relacionada con los servicios del presente Sitio Web, ser\u00e1 la ley espa\u00f1ola. Para la resoluci\u00f3n de cualquier conflicto que pueda surgir con ocasi\u00f3n de la visita al Sitio Web o del uso de los servicios que en \u00e9l se puedan ofertar, la empresa y el Usuario acuerdan someterse a los Jueces y Tribunales que correspondan seg\u00fan su fuero.<\/p>\n<\/div><\/div><\/div><\/div><\/div><div class=\"w-tabs-section\" id=\"privacitatmallorcaweb\"><button class=\"w-tabs-section-header\" aria-controls=\"content-privacitatmallorcaweb\" aria-expanded=\"false\"><div class=\"w-tabs-section-title\">Privacy<\/div><div class=\"w-tabs-section-control\"><\/div><\/button><div  class=\"w-tabs-section-content\" id=\"content-privacitatmallorcaweb\"><div class=\"w-tabs-section-content-h i-cf\"><div class=\"wpb_text_column\"><div class=\"wpb_wrapper\"><h2>Privacy<\/h2>\n<p>Dades del propietari de la web:<\/p>\n<p>Representant legal: MALLORCAWEB SL<\/p>\n<p>NIF: B-07855414<\/p>\n<p>https:\/\/www.mallorcaweb.com\/<\/p>\n<p>Adre\u00e7a: S&#8217;Estanyera 60 &#8211; 07150 ANDRATX (Illes Balears)<\/p>\n<p>E-mail: balearweb@balearweb.com<\/p>\n<p>Tel\u00e8fon: 971235730<\/p>\n<p>Registre: Inscrita en el Registre Mercantil de Mallorca. Folis 76 i seg\u00fcents del tom 1.537, secci\u00f3 8\u00aa, full PM-28682.<\/p>\n<p>Us informem, en compliment de l&#8217;estipulat pel Reglament General de Protecci\u00f3 de Dades (RGPD):<\/p>\n<p>Les dades de car\u00e0cter personal seran tractades per MallorcaWeb SL amb la finalitat de tramitar les consultes d&#8217;informaci\u00f3 de car\u00e0cter general rebudes a trav\u00e9s del formulari de contacte. Les dades es conservaran durant el temps necessari per complir amb la finalitat per a la qual s&#8217;han demanat.<\/p>\n<p>Podeu exercitar els vostres drets d&#8217;acc\u00e9s, rectificaci\u00f3, supressi\u00f3 i portabilitat de les vostres dades, de limitaci\u00f3 i oposici\u00f3 al vostre tractament, aix\u00ed com a no ser objecte de decisions basades \u00fanicament en el tractament automatitzat de les vostres dades, quan escaiguin, a trav\u00e9s de l&#8217;adre\u00e7a de correu electr\u00f2nic <a href=\"mailto:balearweb@balearweb.com\">balearweb@balearweb.com<\/a>. Si voleu obtenir m\u00e9s informaci\u00f3, podeu contactar amb MallorcaWeb SL a trav\u00e9s del correu electr\u00f2nic <a href=\"mailto:balearweb@balearweb.com\">balearweb@balearweb.com<\/a>.<\/p>\n<p>El formulari de contacte est\u00e0 protegit pel servei Google reCAPTCHA (<a href=\"https:\/\/policies.google.com\/privacy\">Pol\u00edtica de privacitat<\/a> i <a href=\"https:\/\/policies.google.com\/terms\">Condicions<\/a> de Google).<\/p>\n<\/div><\/div><\/div><\/div><\/div><div class=\"w-tabs-section\" id=\"cookiesmallorcaweb\"><button class=\"w-tabs-section-header\" aria-controls=\"content-cookiesmallorcaweb\" aria-expanded=\"false\"><div class=\"w-tabs-section-title\">Cookies<\/div><div class=\"w-tabs-section-control\"><\/div><\/button><div  class=\"w-tabs-section-content\" id=\"content-cookiesmallorcaweb\"><div class=\"w-tabs-section-content-h i-cf\"><div class=\"wpb_text_column\"><div class=\"wpb_wrapper\"><h2>Cookies<\/h2>\n<p>Representant legal: MALLORCAWEB SL<\/p>\n<p>NIF: B-07855414<\/p>\n<p>https:\/\/www.mallorcaweb.com\/<\/p>\n<p>Adre\u00e7a: S&#8217;Estanyera 60 &#8211; 07150 ANDRATX (Illes Balears)<\/p>\n<p>E-mail: balearweb@balearweb.com<\/p>\n<p>Tel\u00e8fon: 971235730<\/p>\n<p>Registre: Inscrita en el Registre Mercantil de Mallorca. Folis 76 i seg\u00fcents del tom 1.537, secci\u00f3 8\u00aa, full PM-28682.<\/p>\n<p>&nbsp;<\/p>\n<p>El propietario de la web le informa acerca del uso de las cookies en el presente sitio Web:<\/p>\n<p>Las cookies son archivos que se pueden descargar en su equipo a trav\u00e9s de las p\u00e1ginas Web que visita. Son herramientas que tienen un papel esencial para la prestaci\u00f3n de numerosos servicios de la sociedad de la informaci\u00f3n. Entre otros, permiten a un sitio Web almacenar y recuperar informaci\u00f3n sobre los h\u00e1bitos de navegaci\u00f3n de un Usuario o de su equipo y, dependiendo de la informaci\u00f3n obtenida, se pueden utilizar para reconocer al Usuario y mejorar el servicio ofrecido.<\/p>\n<p>El navegador del Usuario memoriza cookies en el disco duro solamente durante la sesi\u00f3n actual ocupando un espacio de memoria m\u00ednimo y no perjudicando al ordenador. Las cookies no contienen ninguna clase de informaci\u00f3n personal espec\u00edfica, y la mayor\u00eda de las mismas se borran del disco duro al finalizar la sesi\u00f3n de navegador (las denominadas cookies de sesi\u00f3n).<\/p>\n<p>La mayor\u00eda de los navegadores aceptan por defecto las cookies y, con independencia de las mismas, permiten o impiden en los ajustes de seguridad las cookies temporales o memorizadas.<\/p>\n<p>El presente sitio Web no enlazar\u00e1 en las cookies los datos memorizados con sus datos personales proporcionados en el momento del registro o la compra, sin su expreso consentimiento (mediante la activaci\u00f3n de las cookies en su navegador).<\/p>\n<p>La informaci\u00f3n almacenada se utiliza para conocer la frecuencia de visitas y las preferencias en referencia a los contenidos de las p\u00e1ginas que se visitan, etc. Si no desea permitir la instalaci\u00f3n de cookies en su ordenador deber\u00e1 configurar su navegador para tal efecto.<\/p>\n<p>Si desea configurar su navegador para aceptar o rechazar, por defecto, todas las cookies, o para recibir un aviso en pantalla de la recepci\u00f3n de cada cookie y decidir, en ese momento, su implantaci\u00f3n o no en su disco duro, le sugerimos la secci\u00f3n de ayuda de su navegador, para saber c\u00f3mo cambiar la configuraci\u00f3n que actualmente emplea.<\/p>\n<p>Direcciones IP: los servidores del sitio web podr\u00e1n detectar de manera autom\u00e1tica la direcci\u00f3n IP y el nombre de dominio utilizados por el Usuario. Una direcci\u00f3n IP es un n\u00famero asignado autom\u00e1ticamente a un ordenador cuando \u00e9ste se conecta a Internet. Toda esta informaci\u00f3n es registrada en un fichero de actividad que permite el posterior procesamiento de los datos con el fin de obtener mediciones \u00fanicamente estad\u00edsticas que permitan conocer el n\u00famero de impresiones de p\u00e1ginas, el n\u00famero de visitas realizadas a los servicios web, el orden de visitas, el punto de acceso, etc.<\/p>\n<p><strong>Tipos de Cookies<\/strong><\/p>\n<p>Exceptuadas de informar<\/p>\n<p>Cookies de entrada de usuario.<br \/>\nCookies de identificaci\u00f3n o autenticaci\u00f3n del usuario. (\u00fanicamente de sesi\u00f3n).<br \/>\nCookies de seguridad del usuario.<br \/>\nCookies de reproductor multimedia.<br \/>\nCookies de sesi\u00f3n para equilibrar la carga.<br \/>\nCookies de personalizaci\u00f3n de la interfaz de usuario.<br \/>\nCookies de complemento (plug-in) para intercambiar contenidos sociales<\/p>\n<p>No exceptuadas:<br \/>\nEl resto de cookies.<\/p>\n<p><strong>Cookies seg\u00fan entidad que las gestione:<\/strong><\/p>\n<p>Cookies propias: Son aqu\u00e9llas que se env\u00edan al equipo terminal del usuario desde un equipo o dominio gestionado por el propio editor y desde el que se presta el servicio solicitado por el usuario.<\/p>\n<p>Cookies de terceros: Son aqu\u00e9llas que se env\u00edan al equipo terminal del usuario desde un equipo o dominio que no es gestionado por el editor, sino por otra entidad que trata los datos obtenidos a trav\u00e9s de las cookies.<\/p>\n<p>Cookies seg\u00fan el tiempo que permanecen activadas:<\/p>\n<p>Cookies de sesi\u00f3n: Son un tipo de cookies dise\u00f1adas para recabar y almacenar datos mientras el usuario accede a una p\u00e1gina web.<\/p>\n<p>Cookies persistentes: Son un tipo de cookies en el que los datos siguen almacenados en el terminal y pueden ser accedidos y tratados durante un per\u00edodo definido por el responsable de la cookie y que puede ir de unos minutos a varios a\u00f1os.<\/p>\n<p><strong>Cookies seg\u00fan finalidad:<\/strong><\/p>\n<p>Cookies de an\u00e1lisis: Son aqu\u00e9llas que, bien tratadas por el titular del sitio, o por terceros, permiten cuantificar el n\u00famero de usuarios y as\u00ed realizar la medici\u00f3n y an\u00e1lisis estad\u00edstico de la utilizaci\u00f3n, que hacen los usuarios del servicio ofertado.<\/p>\n<p>Para ello, se analiza su navegaci\u00f3n en la p\u00e1gina web, con el fin de mejorar la oferta de productos o servicios que le ofrecemos.<\/p>\n<p>Cookies publicitarias: Son aqu\u00e9llas que permiten la gesti\u00f3n, de la forma m\u00e1s eficaz posible, de los espacios publicitarios que, en su caso, el editor haya incluido en una p\u00e1gina web, aplicaci\u00f3n o plataforma desde la que presta el servicio solicitado en base a criterios como el contenido editado o la frecuencia en la que se muestran los anuncios.<\/p>\n<p>Cookies sociales son necesarias para las redes sociales externas (Facebook, Google, Twitter, Pinterest, Instagram, etc\u2026). Su funci\u00f3n es controlar la interacci\u00f3n con los widgets sociales dentro de la p\u00e1gina.<\/p>\n<p>Cookies de publicidad comportamental: Son aquellas que permiten la gesti\u00f3n, de la forma m\u00e1s eficaz posible, de los espacios publicitarios que, en su caso, el editor haya incluido en una p\u00e1gina web, aplicaci\u00f3n o plataforma desde la que presta el servicio solicitado. Estas cookies almacenan informaci\u00f3n del comportamiento de usuarios obtenida a trav\u00e9s de la observaci\u00f3n continuada de sus h\u00e1bitos de navegaci\u00f3n, lo que permite desarrollar un perfil espec\u00edfico para mostrar publicidad en funci\u00f3n del mismo.<\/p>\n<p>Tambi\u00e9n es posible que al visitar alguna p\u00e1gina web o al abrir alg\u00fan email donde se publique alg\u00fan anuncio o alguna promoci\u00f3n sobre determinados productos o servicios se instale en el navegador alguna cookie que se utiliza para mostrar posteriormente publicidad relacionada con la b\u00fasqueda que se haya realizado, para desarrollar un control de los anuncios en relaci\u00f3n, por ejemplo, con el n\u00famero de veces que son vistos, donde aparecen, a que hora se ven, etc\u2026<\/p>\n<p><strong>Ejemplos:<\/strong><\/p>\n<p>En particular, el presente sitio Web utiliza\u00a0Google Analytics, un servicio de anal\u00edtica Web desarrollado por Google, Inc. con domicilio en los Estados Unidos y sede central en 1600 Amphitheatre Parkway, Mountain View, California 94043.\u00a0 Para la prestaci\u00f3n de estos servicios, se\u00a0utilizan cookies que recopilan la informaci\u00f3n, incluida la direcci\u00f3n IP del Usuario, que ser\u00e1\u00a0transmitida, tratada y almacenada por\u00a0Google\u00a0en los t\u00e9rminos fijados. Incluyendo la posible\u00a0transmisi\u00f3n de dicha informaci\u00f3n a terceros por razones de exigencia legal o cuando dichos terceros\u00a0procesen la informaci\u00f3n por cuenta de Google.<\/p>\n<p>A trav\u00e9s de la anal\u00edtica web se obtiene informaci\u00f3n relativa al n\u00famero de Usuarios que acceden a la web, el n\u00famero de p\u00e1ginas vistas, la frecuencia y repetici\u00f3n de las visitas, su duraci\u00f3n, el navegador utilizado, el operador que presta el servicio, el idioma, el terminal que utiliza, o la ciudad a la que est\u00e1 asignada su direcci\u00f3n IP. Informaci\u00f3n que posibilita un mejor y m\u00e1s apropiado servicio por parte de este sitio Web.<\/p>\n<p><strong>Terceros prestadores de servicios<\/strong><\/p>\n<p>En concreto los terceros con los que se ha gestionado alg\u00fan servicio para el que es necesaria la utilizaci\u00f3n de cookies son:<\/p>\n<p>NOMBRE DE PROVEEDOR: Google analytics<br \/>\nFINALIDAD COOKIE: Anal\u00edtica Web<br \/>\nDESCRIPCI\u00d3N: Estad\u00edsticas sobre visitas<br \/>\nM\u00c1S INFORMACI\u00d3N EN: http:\/\/www.google.com\/intl\/en\/policies\/privacy\/<\/p>\n<p><strong>Aceptaci\u00f3n de la Pol\u00edtica de cookies<\/strong><\/p>\n<p>La empresa muestra informaci\u00f3n sobre su Pol\u00edtica de cookies en cualquier p\u00e1gina del sitio Web con cada inicio de sesi\u00f3n con el objeto de que usted sea consciente.<br \/>\nAnte esta informaci\u00f3n es posible llevar a cabo las siguientes acciones:<\/p>\n<ul>\n<li>Aceptar cookies.\u00a0No se volver\u00e1 a visualizar este aviso al acceder a cualquier p\u00e1gina del sitio Web durante la presente sesi\u00f3n.<\/li>\n<li>Rechazar cookies. Podr\u00e1 obtener m\u00e1s informaci\u00f3n sobre qu\u00e9 son las cookies, conocer la Pol\u00edtica de cookies el presente sitio Web y modificar la configuraci\u00f3n de su navegador<\/li>\n<\/ul>\n<p><strong>C\u00f3mo modificar la configuraci\u00f3n de las cookies<\/strong><\/p>\n<p>Usted puede restringir, bloquear o borrar las cookies del presente sitio Web, utilizando su navegador. En cada navegador la operativa es diferente, la funci\u00f3n de \u2018Ayuda\u2019 le mostrar\u00e1 c\u00f3mo hacerlo.<br \/>\nInternetExplorer:\u00a0windows.microsoft.com\/es-xl\/internet-explorer\/delete-manage-cookies#ie=ie-10<br \/>\nFirefox:\u00a0support.mozilla.org\/es\/kb\/Borrar%20cookies<br \/>\nChrome:\u00a0support.google.com\/chrome\/answer\/95647?hl=es<br \/>\nSafari:\u00a0www.apple.com\/es\/privacy\/use-of-cookies\/<\/p>\n<\/div><\/div><\/div><\/div><\/div><\/div><\/div><\/div><\/div><\/div><div class=\"vc_col-sm-4 wpb_column vc_column_container\"><div class=\"vc_column-inner\"><div class=\"wpb_wrapper\"><\/div><\/div><\/div><\/div><\/div><\/section>\n","protected":false},"excerpt":{"rendered":"Legal InfoPrivacyCookiesLegal InfoLegal Info En cumplimiento con el deber de informaci\u00f3n recogido en el art\u00edculo 10 de la Ley 34\/2002, de 11 de julio, de Servicios de la Sociedad de la Informaci\u00f3n y del Comercio Electr\u00f3nico, a continuaci\u00f3n se reflejan los siguientes datos: Representant legal: MALLORCAWEB SL NIF: B-07855414 https:\/\/www.mallorcaweb.com\/ Adre\u00e7a: S&#8217;Estanyera 60 &#8211; 07150...","protected":false},"author":1,"featured_media":0,"parent":0,"menu_order":0,"comment_status":"closed","ping_status":"closed","template":"","meta":{"_acf_changed":false,"footnotes":""},"class_list":["post-5623","page","type-page","status-publish","hentry"],"acf":[],"_links":{"self":[{"href":"https:\/\/www.mallorcaweb.com\/en\/wp-json\/wp\/v2\/pages\/5623","targetHints":{"allow":["GET"]}}],"collection":[{"href":"https:\/\/www.mallorcaweb.com\/en\/wp-json\/wp\/v2\/pages"}],"about":[{"href":"https:\/\/www.mallorcaweb.com\/en\/wp-json\/wp\/v2\/types\/page"}],"author":[{"embeddable":true,"href":"https:\/\/www.mallorcaweb.com\/en\/wp-json\/wp\/v2\/users\/1"}],"replies":[{"embeddable":true,"href":"https:\/\/www.mallorcaweb.com\/en\/wp-json\/wp\/v2\/comments?post=5623"}],"version-history":[{"count":2,"href":"https:\/\/www.mallorcaweb.com\/en\/wp-json\/wp\/v2\/pages\/5623\/revisions"}],"predecessor-version":[{"id":5643,"href":"https:\/\/www.mallorcaweb.com\/en\/wp-json\/wp\/v2\/pages\/5623\/revisions\/5643"}],"wp:attachment":[{"href":"https:\/\/www.mallorcaweb.com\/en\/wp-json\/wp\/v2\/media?parent=5623"}],"curies":[{"name":"wp","href":"https:\/\/api.w.org\/{rel}","templated":true}]}}