{"id":3658,"date":"2016-08-03T09:44:22","date_gmt":"2016-08-03T07:44:22","guid":{"rendered":"https:\/\/www.mallorcaweb.com\/nosaltres\/"},"modified":"2025-03-05T17:48:46","modified_gmt":"2025-03-05T16:48:46","slug":"nosotros","status":"publish","type":"page","link":"https:\/\/www.mallorcaweb.com\/es\/nosotros\/","title":{"rendered":"Sobre nosostros"},"content":{"rendered":"<section class=\"l-section wpb_row us_custom_a518f36e us_animate_this height_huge full_height valign_center color_primary with_video\"><div id=\"us_bg_video_s8fe\" class=\"l-section-video\"><script id=\"us_bg_video_s8fe-script\">!function(w){var node = document.getElementById( 'us_bg_video_s8fe' );if ( w.innerWidth <= 100 ) { node.remove() }}(window);<\/script><style>@media(max-width:100px){#us_bg_video_s8fe{display:none!important}}<\/style><video  autoplay loop muted playsinline preload=\"auto\" tabindex=\"-1\"><source type=\"video\/mp4\" src=\"https:\/\/www.mallorcaweb.com\/wp-content\/uploads\/2024\/10\/cadires.mp4\" \/><\/video><\/div><div class=\"l-section-overlay\" style=\"background:var(--color-custom-5)\"><\/div><div class=\"l-section-h i-cf\"><div class=\"g-cols vc_row via_flex valign_top type_default stacking_default\"><div class=\"vc_col-sm-10 wpb_column vc_column_container\"><div class=\"vc_column-inner\"><div class=\"wpb_wrapper\"><div class=\"wpb_text_column\"><div class=\"wpb_wrapper\"><h1>Nosotros<\/h1>\n<\/div><\/div><div class=\"w-separator size_custom\" style=\"height:2vh\"><\/div><div class=\"wpb_text_column us_custom_14fc538c\"><div class=\"wpb_wrapper\"><p>MallorcaWeb SL, empresa familiar fundada en 1997.<\/p>\n<\/div><\/div><div class=\"w-separator size_custom\" style=\"height:3vh\"><\/div><div class=\"w-btn-wrapper align_none\"><a class=\"w-btn us-btn-style_2 blur-background us_custom_ca2bb189 us_animate_this icon_atright\" href=\"#more\"><span class=\"w-btn-label\">M\u00e1s informaci\u00f3n<\/span><i class=\"fal fa-arrow-down\"><\/i><\/a><\/div><\/div><\/div><\/div><div class=\"vc_col-sm-2 wpb_column vc_column_container\"><div class=\"vc_column-inner\"><div class=\"wpb_wrapper\"><\/div><\/div><\/div><\/div><\/div><\/section><section class=\"l-section wpb_row height_medium\" id=\"more\"><div class=\"l-section-h i-cf\"><div class=\"g-cols vc_row via_flex valign_top type_default stacking_default\"><div class=\"vc_col-sm-12 wpb_column vc_column_container\"><div class=\"vc_column-inner\"><div class=\"wpb_wrapper\"><div class=\"w-tabs us_custom_7fad6c42 has_text_color layout_ver navwidth_auto navpos_left style_simple2 switch_click has_scrolling remove_indents\" style=\"--sections-title-size:1.2rem\"><div class=\"w-tabs-list items_7 align_none\" style=\"font-family:var(--h1-font-family);line-height:1.5;\"><div class=\"w-tabs-list-h\"><button class=\"w-tabs-item active\" aria-controls=\"content-f652\" aria-expanded=\"false\"><span class=\"w-tabs-item-title\">1997: Nace MallorcaWeb<\/span><\/button><button class=\"w-tabs-item\" aria-controls=\"content-t9c6\" aria-expanded=\"false\"><span class=\"w-tabs-item-title\">1998: A\u00f1o digital para Mallorca<\/span><\/button><button class=\"w-tabs-item\" aria-controls=\"content-m16b\" aria-expanded=\"false\"><span class=\"w-tabs-item-title\">1999: Email gratis para todos<\/span><\/button><button class=\"w-tabs-item\" aria-controls=\"content-jc5a\" aria-expanded=\"false\"><span class=\"w-tabs-item-title\">2000: Premi Web<\/span><\/button><button class=\"w-tabs-item\" aria-controls=\"content-j459\" aria-expanded=\"false\"><span class=\"w-tabs-item-title\">2004: Comunidad de blogs<\/span><\/button><button class=\"w-tabs-item\" aria-controls=\"content-qba6\" aria-expanded=\"false\"><span class=\"w-tabs-item-title\">2010: Objetivos cumplidos<\/span><\/button><button class=\"w-tabs-item\" aria-controls=\"content-i1ff\" aria-expanded=\"false\"><span class=\"w-tabs-item-title\">Hasta ahora: Webs para clientes<\/span><\/button><\/div><\/div><div class=\"w-tabs-sections titles-align_none icon_chevron cpos_right\"><div class=\"w-tabs-section active\" id=\"f652\"><button class=\"w-tabs-section-header active\" aria-controls=\"content-f652\" aria-expanded=\"true\"><div class=\"w-tabs-section-title\">1997: Nace MallorcaWeb<\/div><div class=\"w-tabs-section-control\"><\/div><\/button><div  class=\"w-tabs-section-content\" id=\"content-f652\"><div class=\"w-tabs-section-content-h i-cf\"><div class=\"wpb_text_column us_custom_eebf1126 has_text_color\"><div class=\"wpb_wrapper\"><p>En 1997 <strong>Ramon Sellas Rosell<\/strong> y <strong>Elena Vera Kay<\/strong> constituimos oficialmente <strong>MallorcaWeb SL<\/strong>, en el municipio mallorqu\u00edn de Andratx, con el objetivo de prestar todo tipo servicios relacionados con la inform\u00e1tica y las telecomunicaciones, as\u00ed como la publicaci\u00f3n en cualquier soporte magn\u00e9tico. En<span>s\u00ed lo explic\u00e1bamos entonces: <em>Nacimos con el objetivo de fomentar el uso de Internet, desarrollar la primera Comunidad\u00a0Internet de Mallorca, crear el primer <strong>Directorio y motor de b\u00fasqueda multiling\u00fce de Mallorca&lt; \/strong&gt; y ofrecer los <strong>servicios de Hosting y Dise\u00f1o<\/strong> a nivel internacional.<\/strong><\/em><\/span><\/p>\n<p>Por aquel entonces todav\u00eda no exist\u00edan los m\u00f3viles, ni Google. Pocos dispon\u00edan de ordenador y los precios de conexi\u00f3n a Internet eran desorbitados. No hab\u00eda ning\u00fan medio de comunicaci\u00f3n en Baleares con presencia digital y pr\u00e1cticamente ninguna empresa ten\u00eda su propia web.<\/p>\n<p><strong>\u00c9ramos pioneros \ud83d\ude42<\/strong><\/p>\n<\/div><\/div><\/div><\/div><\/div><div class=\"w-tabs-section\" id=\"t9c6\"><button class=\"w-tabs-section-header\" aria-controls=\"content-t9c6\" aria-expanded=\"false\"><div class=\"w-tabs-section-title\">1998: A\u00f1o digital para Mallorca<\/div><div class=\"w-tabs-section-control\"><\/div><\/button><div  class=\"w-tabs-section-content\" id=\"content-t9c6\"><div class=\"w-tabs-section-content-h i-cf\"><div class=\"wpb_text_column us_custom_eebf1126 has_text_color with_collapsible_content\" data-content-height=\"350px\"><div class=\"wpb_wrapper\"><p>En 1998 celebr\u00e1bamos el <strong>primer aniversario de MallorcaWeb<\/strong>, publicando este art\u00edculo editorial:<\/p>\n<p><em>1998 ha representado en todo el mundo la consolidaci\u00f3n de Internet como herramienta de comunicaci\u00f3n universal. Internet ha roto fronteras, contribuyendo al conocimiento y a la tolerancia, y ha permitido que los individuos y los pueblos puedan expresar de forma libre y directa su propia personalidad.<\/em><\/p>\n<p><em>Para Mallorca y las Islas Baleares, 1998 ha representado la entrada en Internet de las ediciones digitales de la prensa escrita. Primero fue El D\u00eda del Mundo, seguido del Diari de Balears, el Diario de Ibiza y por \u00faltimo el Ultima Hora. Se espera que a principios del 99 salga a la red la edici\u00f3n digital del Diario de Mallorca con lo que la oferta informativa balear en Internet est\u00e1 garantizada. Si a esto le a\u00f1adimos los importantes esfuerzos de modernizaci\u00f3n y presencia en la red realizados por el Govern Balear, el Consell de Mallorca, el Ayuntamiento de Palma, la UIB, los proveedores y servidores de Internet y pr\u00e1cticamente todos los sectores de la nuestra econom\u00eda, podemos afirmar que 1998 ha representado la normalizaci\u00f3n de Internet en Mallorca.<\/em><\/p>\n<p><em>Uno de los grandes retos que nos espera es popularizar Internet y las nuevas tecnolog\u00edas para poder ampliar su base social. Debemos trabajar sumando esfuerzos para que nadie se quede al margen de las grandes posibilidades de desarrollo personal y colectivo que las nuevas tecnolog\u00edas nos ofrecen.<\/em><\/p>\n<p><em>Y son muchos m\u00e1s los retos pendientes pero el futuro es esperanzador y con el apoyo de todos podemos hacer que 1999 represente la consolidaci\u00f3n definitiva de Internet en Mallorca como herramienta de aprendizaje, de informaci\u00f3n, de opini\u00f3n, de comercio y de comunicaci\u00f3n y participaci\u00f3n social en el sentido m\u00e1s amplio de la palabra.<\/em><\/p>\n<p><em>Entre todos seguro que lo conseguiremos.<\/em><\/p>\n<\/div><div class=\"toggle-links align_none\"><button class=\"collapsible-content-more\">Llegir m\u00e9s<\/button><button class=\"collapsible-content-less\">Llegir menys<\/button><\/div><\/div><\/div><\/div><\/div><div class=\"w-tabs-section\" id=\"m16b\"><button class=\"w-tabs-section-header\" aria-controls=\"content-m16b\" aria-expanded=\"false\"><div class=\"w-tabs-section-title\">1999: Email gratis para todos<\/div><div class=\"w-tabs-section-control\"><\/div><\/button><div  class=\"w-tabs-section-content\" id=\"content-m16b\"><div class=\"w-tabs-section-content-h i-cf\"><div class=\"wpb_text_column us_custom_eebf1126 has_text_color\"><div class=\"wpb_wrapper\"><p>Con el objetivo de darnos a conocer y popularizar Internet, en 1999 abrimos un servicio de correo gratuito para todos. Posteriormente tambi\u00e9n ofrecimos espacio web. Cientos y cientos de usuarios aprovecharon el servicio durante muchos a\u00f1os.<\/p>\n<p><img loading=\"lazy\" decoding=\"async\" class=\"alignnone size-large wp-image-4307\" src=\"https:\/\/www.mallorcaweb.com\/wp-content\/uploads\/2024\/10\/foto-mallorcaweb-free-mail-1024x711.jpeg\" alt=\"\" width=\"1024\" height=\"711\" srcset=\"https:\/\/www.mallorcaweb.com\/wp-content\/uploads\/2024\/10\/foto-mallorcaweb-free-mail-1024x711.jpeg 1024w, https:\/\/www.mallorcaweb.com\/wp-content\/uploads\/2024\/10\/foto-mallorcaweb-free-mail-300x208.jpeg 300w, https:\/\/www.mallorcaweb.com\/wp-content\/uploads\/2024\/10\/foto-mallorcaweb-free-mail-1536x1066.jpeg 1536w\" sizes=\"auto, (max-width: 1024px) 100vw, 1024px\" \/><\/p>\n<\/div><\/div><\/div><\/div><\/div><div class=\"w-tabs-section\" id=\"jc5a\"><button class=\"w-tabs-section-header\" aria-controls=\"content-jc5a\" aria-expanded=\"false\"><div class=\"w-tabs-section-title\">2000: Premi Web<\/div><div class=\"w-tabs-section-control\"><\/div><\/button><div  class=\"w-tabs-section-content\" id=\"content-jc5a\"><div class=\"w-tabs-section-content-h i-cf\"><div class=\"wpb_text_column us_custom_eebf1126 has_text_color\"><div class=\"wpb_wrapper\"><p>En 2000 convocamos la primera edici\u00f3n del Premi Web, concurso de p\u00e1ginas web con el objetivo de promocionar los contenidos relacionados con la cultura y la econom\u00eda de las Islas en Internet.<\/p>\n<p>Durante diez a\u00f1os, el concurso fue creciendo y consolidando su reconocimiento, especialmente por el prestigio de los integrantes del jurado: Antonio Fern\u00e1ndez Coca, Bel Llodr\u00e0, Joan Mayans y Esperan\u00e7a Camps, entre otros expertos en las tecnolog\u00edas de la informaci\u00f3n.<\/p>\n<p>La \u00faltima edici\u00f3n tuvo lugar en 2010 con un acto en el Castillo de Bellver que cont\u00f3 con la asistencia de 300 personas.<\/p>\n<\/div><\/div><div class=\"w-image us_custom_cdf14ffd align_none meta_simple\"><div class=\"w-image-h\"><img decoding=\"async\" width=\"912\" height=\"513\" src=\"https:\/\/www.mallorcaweb.com\/wp-content\/uploads\/2024\/10\/premi-web-2010.jpg\" class=\"attachment-large size-large\" alt=\"\" loading=\"lazy\" srcset=\"https:\/\/www.mallorcaweb.com\/wp-content\/uploads\/2024\/10\/premi-web-2010.jpg 912w, https:\/\/www.mallorcaweb.com\/wp-content\/uploads\/2024\/10\/premi-web-2010-300x169.jpg 300w\" sizes=\"auto, (max-width: 912px) 100vw, 912px\" \/><\/div><div class=\"w-image-meta\"><div class=\"w-image-title\">premi-web-2010<\/div><\/div><\/div><\/div><\/div><\/div><div class=\"w-tabs-section\" id=\"j459\"><button class=\"w-tabs-section-header\" aria-controls=\"content-j459\" aria-expanded=\"false\"><div class=\"w-tabs-section-title\">2004: Comunidad de blogs<\/div><div class=\"w-tabs-section-control\"><\/div><\/button><div  class=\"w-tabs-section-content\" id=\"content-j459\"><div class=\"w-tabs-section-content-h i-cf\"><div class=\"wpb_text_column us_custom_eebf1126 has_text_color\"><div class=\"wpb_wrapper\"><p><span>En 2004 pusimos en marcha una plataforma de blogs que permit\u00eda a los usuarios sin conocimientos t\u00e9cnicos la publicaci\u00f3n de contenidos en Internet. Adem\u00e1s dispon\u00eda de un portal comunitario en el que se mostraban las \u00faltimas aportaciones de los blogs de los usuarios. Era muy novedoso y tuvo una gran acogida. Las redes sociales como Facebook, Instagram, Tiktok, Twitter\u2026 no exist\u00edan todav\u00eda.<\/span><\/p>\n<p><img loading=\"lazy\" decoding=\"async\" class=\"alignnone size-large wp-image-4391\" src=\"https:\/\/www.mallorcaweb.com\/wp-content\/uploads\/2024\/10\/foto-bloc-balearweb-1024x674.jpg\" alt=\"\" width=\"1024\" height=\"674\" srcset=\"https:\/\/www.mallorcaweb.com\/wp-content\/uploads\/2024\/10\/foto-bloc-balearweb-1024x674.jpg 1024w, https:\/\/www.mallorcaweb.com\/wp-content\/uploads\/2024\/10\/foto-bloc-balearweb-300x197.jpg 300w, https:\/\/www.mallorcaweb.com\/wp-content\/uploads\/2024\/10\/foto-bloc-balearweb-1536x1011.jpg 1536w\" sizes=\"auto, (max-width: 1024px) 100vw, 1024px\" \/><\/p>\n<\/div><\/div><\/div><\/div><\/div><div class=\"w-tabs-section has_text_color\" id=\"qba6\"><button class=\"w-tabs-section-header\" aria-controls=\"content-qba6\" aria-expanded=\"false\"><div class=\"w-tabs-section-title\">2010: Objetivos cumplidos<\/div><div class=\"w-tabs-section-control\"><\/div><\/button><div  class=\"w-tabs-section-content us_custom_eebf1126\" id=\"content-qba6\"><div class=\"w-tabs-section-content-h i-cf\"><div class=\"wpb_text_column\"><div class=\"wpb_wrapper\"><p>MallorcaWeb creci\u00f3 hasta convertirse en BalearWeb, la cabecera que agrupaba y daba servicios comunes a MallorcaWeb, MenorcaWeb, EivissaWeb y FormenteraWeb. Se publicaban miles de noticias, reportajes, fotos geolocalizadas, etc. Se enviaba una newsletter semanal por correo electr\u00f3nico a miles de suscriptores.<\/p>\n<p><img loading=\"lazy\" decoding=\"async\" class=\"alignnone size-full wp-image-4511\" src=\"https:\/\/www.mallorcaweb.com\/wp-content\/uploads\/2024\/10\/balearweb-computer.jpeg\" alt=\"\" width=\"2100\" height=\"1400\" srcset=\"https:\/\/www.mallorcaweb.com\/wp-content\/uploads\/2024\/10\/balearweb-computer.jpeg 2100w, https:\/\/www.mallorcaweb.com\/wp-content\/uploads\/2024\/10\/balearweb-computer-300x200.jpeg 300w, https:\/\/www.mallorcaweb.com\/wp-content\/uploads\/2024\/10\/balearweb-computer-1024x683.jpeg 1024w, https:\/\/www.mallorcaweb.com\/wp-content\/uploads\/2024\/10\/balearweb-computer-1536x1024.jpeg 1536w\" sizes=\"auto, (max-width: 2100px) 100vw, 2100px\" \/><\/p>\n<p><strong>En 2010<\/strong>, el directorio de webs, que aliment\u00e1bamos y manten\u00edamos manualmente, lleg\u00f3 a incluir 5.256 webs de Mallorca, 1.837 de Menorca, 2.006 de Ibiza y 1.140 de Formentera. Podemos decir que hab\u00edamos alcanzado nuestros objetivos fundacionales.<\/p>\n<p>Posteriormente, a medida que las redes sociales se fueron haciendo m\u00e1s populares y los ingresos por publicidad disminuyeron, reorientamos y centramos nuestra actividad en la creaci\u00f3n de webs para clientes, dejando en \u201cmodo stand-by\u201d la cabecera BalearWeb y los portales MenorcaWeb, EivissaWeb y FormenteraWeb.<\/p>\n<\/div><\/div><\/div><\/div><\/div><div class=\"w-tabs-section\" id=\"i1ff\"><button class=\"w-tabs-section-header\" aria-controls=\"content-i1ff\" aria-expanded=\"false\"><div class=\"w-tabs-section-title\">Hasta ahora: Webs para clientes<\/div><div class=\"w-tabs-section-control\"><\/div><\/button><div  class=\"w-tabs-section-content\" id=\"content-i1ff\"><div class=\"w-tabs-section-content-h i-cf\"><div class=\"wpb_text_column us_custom_eebf1126 has_text_color\"><div class=\"wpb_wrapper\"><p>A partir de 2010, nos centramos en los servicios de creaci\u00f3n y mantenimiento de webs para clientes y seguimos con la misma energ\u00eda y valores de los inicios.<\/p>\n<p>Algunos de nuestros clientes iniciaron su presencia en Internet con nosotros ya en 1997 y todav\u00eda conf\u00edan en MallorcaWeb SL: <a href=\"https:\/\/www.mallorcaweb.com\/es\/portfolio\/hotel-cala-fornells\/\"> Hotel Cala Fornells<\/a>, <a href=\"https:\/\/www.mallorcaweb.com\/es\/portfolio\/salud-ediciones\/\">Salud y Fuerza<\/a>, <a href=\"https:\/\/www. easyboats.com\">Easy Boats<\/a>&#8230; Otros se incorporaron a nuestra querida cartera de clientes posteriormente, como <a href=\"https:\/\/www.mallorcaweb.com\/es\/portfolio\/marivent- yachts\/\">Marivent Yachts<\/a>, <a href=\"https:\/\/www.cbmmarine.com\/\">CBM Marine<\/a>, <a href=\"https:\/\/www.sonpenyaflor.com\">Son Penyaflor<\/a> o el <a href=\"https:\/\/www.cbpae.org\">Consejo Balear de la Producci\u00f3n Agraria Ecol\u00f3gica<\/a>.<\/p>\n<p>Aunque la mayor\u00eda de nuestros clientes llevan muchos a\u00f1os con nosotros, nos encanta hacer otros nuevos y nos animan los retos. Explora algunos de nuestros <a href=\"https:\/\/www.mallorcaweb.com\/es\/poryectos\/\">proyectos actuales<\/a> o <a href=\"https:\/\/www.mallorcaweb.com\/es\/presupuesto \/\">solicita presupuesto<\/a>.<\/p>\n<\/div><\/div><div class=\"w-separator size_small\"><\/div><div class=\"w-btn-wrapper align_none\"><a class=\"w-btn us-btn-style_3 icon_atright\" href=\"https:\/\/www.mallorcaweb.com\/es\/presupuesto\/#more\"><span class=\"w-btn-label\">Solicita un presupuesto<\/span><i class=\"fal fa-arrow-right\"><\/i><\/a><\/div><\/div><\/div><\/div><\/div><\/div><\/div><\/div><\/div><\/div><\/div><\/section>\n","protected":false},"excerpt":{"rendered":"Nosotros MallorcaWeb SL, empresa familiar fundada en 1997. M\u00e1s informaci\u00f3n1997: Nace MallorcaWeb1998: A\u00f1o digital para Mallorca1999: Email gratis para todos2000: Premi Web2004: Comunidad de blogs2010: Objetivos cumplidosHasta ahora: Webs para clientes1997: Nace MallorcaWebEn 1997 Ramon Sellas Rosell y Elena Vera Kay constituimos oficialmente MallorcaWeb SL, en el municipio mallorqu\u00edn de Andratx, con el objetivo de...","protected":false},"author":1,"featured_media":0,"parent":0,"menu_order":0,"comment_status":"closed","ping_status":"closed","template":"","meta":{"_acf_changed":false,"footnotes":""},"class_list":["post-3658","page","type-page","status-publish","hentry"],"acf":[],"_links":{"self":[{"href":"https:\/\/www.mallorcaweb.com\/es\/wp-json\/wp\/v2\/pages\/3658","targetHints":{"allow":["GET"]}}],"collection":[{"href":"https:\/\/www.mallorcaweb.com\/es\/wp-json\/wp\/v2\/pages"}],"about":[{"href":"https:\/\/www.mallorcaweb.com\/es\/wp-json\/wp\/v2\/types\/page"}],"author":[{"embeddable":true,"href":"https:\/\/www.mallorcaweb.com\/es\/wp-json\/wp\/v2\/users\/1"}],"replies":[{"embeddable":true,"href":"https:\/\/www.mallorcaweb.com\/es\/wp-json\/wp\/v2\/comments?post=3658"}],"version-history":[{"count":110,"href":"https:\/\/www.mallorcaweb.com\/es\/wp-json\/wp\/v2\/pages\/3658\/revisions"}],"predecessor-version":[{"id":5769,"href":"https:\/\/www.mallorcaweb.com\/es\/wp-json\/wp\/v2\/pages\/3658\/revisions\/5769"}],"wp:attachment":[{"href":"https:\/\/www.mallorcaweb.com\/es\/wp-json\/wp\/v2\/media?parent=3658"}],"curies":[{"name":"wp","href":"https:\/\/api.w.org\/{rel}","templated":true}]}}