{"id":3716,"date":"2016-08-04T13:32:08","date_gmt":"2016-08-04T11:32:08","guid":{"rendered":"https:\/\/www.mallorcaweb.com\/pressupost\/"},"modified":"2025-01-28T20:12:44","modified_gmt":"2025-01-28T18:12:44","slug":"presupuesto","status":"publish","type":"page","link":"https:\/\/www.mallorcaweb.com\/es\/presupuesto\/","title":{"rendered":"Presupuesto"},"content":{"rendered":"<section class=\"l-section wpb_row us_custom_a518f36e us_animate_this height_huge full_height valign_center color_primary with_video\"><div id=\"us_bg_video_l9c7\" class=\"l-section-video\"><script id=\"us_bg_video_l9c7-script\">!function(w){var node = document.getElementById( 'us_bg_video_l9c7' );if ( w.innerWidth <= 100 ) { node.remove() }}(window);<\/script><style>@media(max-width:100px){#us_bg_video_l9c7{display:none!important}}<\/style><video  autoplay loop muted playsinline preload=\"auto\" tabindex=\"-1\"><source type=\"video\/mp4\" src=\"https:\/\/www.mallorcaweb.com\/wp-content\/uploads\/2024\/10\/camp.mp4\" \/><\/video><\/div><div class=\"l-section-overlay\" style=\"background:var(--color-custom-5)\"><\/div><div class=\"l-section-h i-cf\"><div class=\"g-cols vc_row via_flex valign_top type_default stacking_default\"><div class=\"vc_col-sm-10 wpb_column vc_column_container\"><div class=\"vc_column-inner\"><div class=\"wpb_wrapper\"><div class=\"wpb_text_column\"><div class=\"wpb_wrapper\"><h1>Presupuesto<\/h1>\n<\/div><\/div><div class=\"w-separator size_custom\" style=\"height:2vh\"><\/div><div class=\"wpb_text_column us_custom_14fc538c\"><div class=\"wpb_wrapper\"><p>Contacta con nosotros sin compromiso.<\/p>\n<\/div><\/div><div class=\"w-separator size_custom\" style=\"height:3vh\"><\/div><div class=\"w-btn-wrapper align_none\"><a class=\"w-btn us-btn-style_2 blur-background us_custom_ca2bb189 us_animate_this icon_atright\" href=\"#more\"><span class=\"w-btn-label\">Solicita presupuesto ahora<\/span><i class=\"fal fa-arrow-down\"><\/i><\/a><\/div><\/div><\/div><\/div><div class=\"vc_col-sm-2 wpb_column vc_column_container\"><div class=\"vc_column-inner\"><div class=\"wpb_wrapper\"><\/div><\/div><\/div><\/div><\/div><\/section><section class=\"l-section wpb_row height_small\" id=\"more\"><div class=\"l-section-h i-cf\"><div class=\"g-cols vc_row via_flex valign_top type_default stacking_default\"><div class=\"vc_col-sm-8 wpb_column vc_column_container\"><div class=\"vc_column-inner\"><div class=\"wpb_wrapper\">\n<div class=\"wpcf7 no-js pressupost\" id=\"wpcf7-f5705-o1\" lang=\"es-ES\" dir=\"ltr\" data-wpcf7-id=\"5705\">\n<div class=\"screen-reader-response\"><p role=\"status\" aria-live=\"polite\" aria-atomic=\"true\"><\/p> <ul><\/ul><\/div>\n<form action=\"\/es\/wp-json\/wp\/v2\/pages\/3716#wpcf7-f5705-o1\" method=\"post\" class=\"wpcf7-form init\" aria-label=\"Formulario de contacto\" novalidate=\"novalidate\" data-status=\"init\">\n<fieldset class=\"hidden-fields-container\"><input type=\"hidden\" name=\"_wpcf7\" value=\"5705\" \/><input type=\"hidden\" name=\"_wpcf7_version\" value=\"6.1.5\" \/><input type=\"hidden\" name=\"_wpcf7_locale\" value=\"es_ES\" \/><input type=\"hidden\" name=\"_wpcf7_unit_tag\" value=\"wpcf7-f5705-o1\" \/><input type=\"hidden\" name=\"_wpcf7_container_post\" value=\"0\" \/><input type=\"hidden\" name=\"_wpcf7_posted_data_hash\" value=\"\" \/><input type=\"hidden\" name=\"_wpcf7_recaptcha_response\" value=\"\" \/>\n<\/fieldset>\n<div class=\"w-form-h\">\n\t<div class=\"w-form-row for_texthttps:\/\/www.mallorcaweb.com\/wp-admin\/admin.php?page=wpcf7&lang=en&post=5704&action=edit has_label required\">\n\t\t<div class=\"w-form-row-label\">\n\t\t\t<p><span>Nombre y apellidos *<\/span>\n\t\t\t<\/p>\n\t\t<\/div>\n\t\t<div class=\"w-form-row-field\">\n\t\t\t<p><span class=\"wpcf7-form-control-wrap\" data-name=\"your-name\"><input size=\"40\" maxlength=\"400\" class=\"wpcf7-form-control wpcf7-text wpcf7-validates-as-required\" autocomplete=\"name\" aria-required=\"true\" aria-invalid=\"false\" value=\"\" type=\"text\" name=\"your-name\" \/><\/span>\n\t\t\t<\/p>\n\t\t<\/div>\n\t<\/div>\n<\/div>\n<div class=\"w-form-h\">\n\t<div class=\"w-form-row for_email has_label  required cols_2\">\n\t\t<div class=\"w-form-row-label\">\n\t\t\t<p><span>Email *<\/span>\n\t\t\t<\/p>\n\t\t<\/div>\n\t\t<div class=\"w-form-row-field\">\n\t\t\t<p><span class=\"wpcf7-form-control-wrap\" data-name=\"your-email\"><input size=\"40\" maxlength=\"400\" class=\"wpcf7-form-control wpcf7-email wpcf7-validates-as-required wpcf7-text wpcf7-validates-as-email\" autocomplete=\"email\" aria-required=\"true\" aria-invalid=\"false\" value=\"\" type=\"email\" name=\"your-email\" \/><\/span>\n\t\t\t<\/p>\n\t\t<\/div>\n\t<\/div>\n\t<div class=\"w-form-row for_text has_label cols_2\">\n\t\t<div class=\"w-form-row-label\">\n\t\t\t<p><span>Tel\u00e9fono<\/span>\n\t\t\t<\/p>\n\t\t<\/div>\n\t\t<div class=\"w-form-row-field\">\n\t\t\t<p><span class=\"wpcf7-form-control-wrap\" data-name=\"tel-625\"><input size=\"40\" maxlength=\"400\" class=\"wpcf7-form-control wpcf7-tel wpcf7-text wpcf7-validates-as-tel\" aria-invalid=\"false\" value=\"\" type=\"tel\" name=\"tel-625\" \/><\/span>\n\t\t\t<\/p>\n\t\t<\/div>\n\t<\/div>\n<\/div>\n<div class=\"w-form-h\">\n\t<div class=\"w-form-row for_textarea has_label cols_1\">\n\t\t<div class=\"w-form-row-label\">\n\t\t\t<p><span>Mensaje<\/span>\n\t\t\t<\/p>\n\t\t<\/div>\n\t\t<div class=\"w-form-row-field\">\n\t\t\t<p><span class=\"wpcf7-form-control-wrap\" data-name=\"your-message\"><textarea cols=\"40\" rows=\"10\" maxlength=\"2000\" class=\"wpcf7-form-control wpcf7-textarea\" aria-invalid=\"false\" name=\"your-message\"><\/textarea><\/span>\n\t\t\t<\/p>\n\t\t<\/div>\n\t<\/div>\n<\/div>\n<div class=\"w-form-h\">\n\t<div class=\"w-form-row cols_1\">\n\t\t<div class=\"termsandconditions\">\n\t\t\t<p><span class=\"wpcf7-form-control-wrap\" data-name=\"acceptance-459\"><span class=\"wpcf7-form-control wpcf7-acceptance\"><span class=\"wpcf7-list-item\"><label><input type=\"checkbox\" name=\"acceptance-459\" value=\"1\" aria-invalid=\"false\" \/><span class=\"wpcf7-list-item-label\">Accepto la <span class=\"my-legal\">pol\u00edtica de privacidad de MallorcaWeb<\/span> y antispam reCAPTCHA<\/span><\/label><\/span><\/span><\/span>\n\t\t\t<\/p>\n\t\t<\/div>\n\t<\/div>\n<\/div>\n<div class=\"w-form-h\">\n\t<div class=\"w-form-row for_submit align_none\">\n\t\t<p><input class=\"wpcf7-form-control wpcf7-submit has-spinner\" type=\"submit\" value=\"Env\u00eda\" \/>\n\t\t<\/p>\n\t<\/div>\n<\/div><div class=\"wpcf7-response-output\" aria-hidden=\"true\"><\/div>\n<\/form>\n<\/div>\n<div class=\"w-popup align_none\"><span class=\"w-popup-trigger type_selector\" data-selector=\".my-legal\"><\/span><div class=\"w-popup-overlay\" style=\"background:rgba(0,0,0,0.85);\"><\/div><div class=\"w-popup-wrap layout_default\" role=\"dialog\" aria-modal=\"true\" aria-label=\"Ventana emergente\" style=\"--title-color:var(--color-content-heading);--title-bg-color:var(--color-content-bg-alt);--content-color:var(--color-content-text);--content-bg-color:var(--color-content-bg);--popup-width:900px;--popup-padding:5%;\"><button aria-label=\"Cerrar\" class=\"w-popup-closer\" type=\"button\"><\/button><div class=\"w-popup-box animation_fadeIn closerpos_outside without_title\"><div class=\"w-popup-box-h\"><div class=\"w-popup-box-content\"><h2>Pol\u00edtica de privacitat<\/h2>\n<p>Le informamos, en cumplimiento de lo estipulado por el Reglamento General de Protecci\u00f3n de Datos (RGPD):<\/p>\n<p>Los datos de car\u00e1cter personal ser\u00e1n tratados por MallorcaWeb SL con la finalidad de tramitar las consultas de informaci\u00f3n de car\u00e1cter general recibidas a trav\u00e9s del formulario de contacto. Los datos se conservar\u00e1n durante el tiempo necesario para cumplir con la finalidad para la que se han recabado.<\/p>\n<p>Puede ejercitar sus derechos de acceso, rectificaci\u00f3n, supresi\u00f3n y portabilidad de sus datos, de limitaci\u00f3n y oposici\u00f3n a su tratamiento, as\u00ed como a no ser objeto de decisiones basadas \u00fanicamente en el tratamiento automatizado de sus datos, cuando procedan, a trav\u00e9s de la direcci\u00f3n de correo electr\u00f3nico balearweb@balearweb.com. Si desea obtener m\u00e1s informaci\u00f3n, puede contactar con MallorcaWeb SL a trav\u00e9s del correo electr\u00f3nico balearweb@balearweb.com.<\/p>\n<p>M\u00e1s informaci\u00f3n en p\u00e1gina de Pol\u00edtica de Privacidad de esta web.<\/p>\n<\/div><\/div><\/div><\/div><\/div><div class=\"w-separator size_large\"><\/div><\/div><\/div><\/div><div class=\"vc_col-sm-4 wpb_column vc_column_container\"><div class=\"vc_column-inner\"><div class=\"wpb_wrapper\"><\/div><\/div><\/div><\/div><\/div><\/section>\n","protected":false},"excerpt":{"rendered":"Presupuesto Contacta con nosotros sin compromiso. Solicita presupuesto ahora Nombre y apellidos * Email * Tel\u00e9fono Mensaje Accepto la pol\u00edtica de privacidad de MallorcaWeb y antispam reCAPTCHA Pol\u00edtica de privacitat Le informamos, en cumplimiento de lo estipulado por el Reglamento General de Protecci\u00f3n de Datos (RGPD): Los datos de car\u00e1cter personal ser\u00e1n tratados por MallorcaWeb...","protected":false},"author":1,"featured_media":0,"parent":0,"menu_order":0,"comment_status":"closed","ping_status":"closed","template":"","meta":{"_acf_changed":false,"footnotes":""},"class_list":["post-3716","page","type-page","status-publish","hentry"],"acf":[],"_links":{"self":[{"href":"https:\/\/www.mallorcaweb.com\/es\/wp-json\/wp\/v2\/pages\/3716","targetHints":{"allow":["GET"]}}],"collection":[{"href":"https:\/\/www.mallorcaweb.com\/es\/wp-json\/wp\/v2\/pages"}],"about":[{"href":"https:\/\/www.mallorcaweb.com\/es\/wp-json\/wp\/v2\/types\/page"}],"author":[{"embeddable":true,"href":"https:\/\/www.mallorcaweb.com\/es\/wp-json\/wp\/v2\/users\/1"}],"replies":[{"embeddable":true,"href":"https:\/\/www.mallorcaweb.com\/es\/wp-json\/wp\/v2\/comments?post=3716"}],"version-history":[{"count":76,"href":"https:\/\/www.mallorcaweb.com\/es\/wp-json\/wp\/v2\/pages\/3716\/revisions"}],"predecessor-version":[{"id":5621,"href":"https:\/\/www.mallorcaweb.com\/es\/wp-json\/wp\/v2\/pages\/3716\/revisions\/5621"}],"wp:attachment":[{"href":"https:\/\/www.mallorcaweb.com\/es\/wp-json\/wp\/v2\/media?parent=3716"}],"curies":[{"name":"wp","href":"https:\/\/api.w.org\/{rel}","templated":true}]}}