{"id":3720,"date":"2016-08-03T09:57:17","date_gmt":"2016-08-03T07:57:17","guid":{"rendered":"https:\/\/www.mallorcaweb.com\/serveis\/"},"modified":"2025-01-30T17:52:08","modified_gmt":"2025-01-30T15:52:08","slug":"servicios","status":"publish","type":"page","link":"https:\/\/www.mallorcaweb.com\/es\/servicios\/","title":{"rendered":"Servicios"},"content":{"rendered":"<section class=\"l-section wpb_row us_custom_a518f36e us_animate_this height_huge full_height valign_center color_primary with_video\"><div id=\"us_bg_video_i45f\" class=\"l-section-video\"><script id=\"us_bg_video_i45f-script\">!function(w){var node = document.getElementById( 'us_bg_video_i45f' );if ( w.innerWidth <= 100 ) { node.remove() }}(window);<\/script><style>@media(max-width:100px){#us_bg_video_i45f{display:none!important}}<\/style><video  autoplay loop muted playsinline preload=\"auto\" tabindex=\"-1\"><source type=\"video\/mp4\" src=\"https:\/\/www.mallorcaweb.com\/wp-content\/uploads\/2024\/10\/costa-dron-bucle.mp4\" \/><\/video><\/div><div class=\"l-section-overlay\" style=\"background:var(--color-custom-5)\"><\/div><div class=\"l-section-h i-cf\"><div class=\"g-cols vc_row via_flex valign_top type_default stacking_default\"><div class=\"vc_col-sm-10 wpb_column vc_column_container\"><div class=\"vc_column-inner us_custom_1f257949\"><div class=\"wpb_wrapper\"><div class=\"wpb_text_column\"><div class=\"wpb_wrapper\"><h1>Servicios<\/h1>\n<\/div><\/div><div class=\"w-separator size_custom\" style=\"height:2vh\"><\/div><div class=\"wpb_text_column us_custom_7f5b7e65\"><div class=\"wpb_wrapper\"><p>Dise\u00f1o, desarrollo y mantenimiento de webs.<\/p>\n<\/div><\/div><div class=\"w-separator size_custom\" style=\"height:3vh\"><\/div><div class=\"w-btn-wrapper align_none\"><a class=\"w-btn us-btn-style_2 blur-background us_custom_ca2bb189 us_animate_this icon_atright\" href=\"#more\"><span class=\"w-btn-label\">M\u00e1s informaci\u00f3n<\/span><i class=\"fal fa-arrow-down\"><\/i><\/a><\/div><\/div><\/div><\/div><div class=\"vc_col-sm-2 wpb_column vc_column_container\"><div class=\"vc_column-inner us_custom_eb849559\"><div class=\"wpb_wrapper\"><\/div><\/div><\/div><\/div><\/div><\/section><section class=\"l-section wpb_row height_medium\" id=\"more\"><div class=\"l-section-h i-cf\"><div class=\"g-cols vc_row via_flex valign_top type_default stacking_default\"><div class=\"vc_col-sm-6 wpb_column vc_column_container\"><div class=\"vc_column-inner\"><div class=\"wpb_wrapper\"><div class=\"wpb_text_column\"><div class=\"wpb_wrapper\"><p>Contamos con una amplia experiencia en la <strong>creaci\u00f3n, mantenimiento<\/strong> y posicionamiento <strong>SEO<\/strong> de webs. Nos encargamos del <strong>dise\u00f1o<\/strong>, <strong>desarrollo<\/strong> y <strong>optimizaci\u00f3n<\/strong> de p\u00e1ginas, para ofrecer una experiencia de usuario eficiente.<\/p>\n<p>Tambi\u00e9n registramos y custodiamos <strong>dominios<\/strong> de Internet, <strong>alojamos<\/strong> y mejoramos el rendimiento de las aplicaciones web, mantenemos el software actualizado y publicamos <strong>contenidos<\/strong>.<\/p>\n<p>En definitiva, nos responsabilizamos de todas las fases del proceso para garantizar una presencia digital <strong>efectiva y segura<\/strong>.<\/p>\n<\/div><\/div><\/div><\/div><\/div><div class=\"vc_col-sm-6 wpb_column vc_column_container\"><div class=\"vc_column-inner\"><div class=\"wpb_wrapper\"><div class=\"w-grid us_term_list us_custom_6b37c33f has_text_color type_grid layout_4790 cols_1 preload_style_spinner with_css_animation\" id=\"us_grid_o8a5\" style=\"--columns:1;--gap:10px;\"><style>.layout_4790 .w-grid-item-h{background:var(--color-custom-3)}.layout_4790 .usg_post_title_1{font-size:0.8rem!important;font-weight:600!important}.layout_4790 .usg_text_1{font-size:0.8rem!important}<\/style><div class=\"w-grid-list\">\t<div class=\"w-grid-item type_term term-24 term-actualizacion-de-contenidos us_animate_fade ratio_1x1\">\r\n\t\t<div class=\"w-grid-item-h\">\r\n\t\t\t\t\t\t<div class=\"w-hwrapper usg_hwrapper_1 align_none valign_middle\" style=\"--hwrapper-gap:0.6rem\"><div class=\"w-text usg_text_1 no_text icon_atleft\"><span class=\"w-text-h\"><i class=\"far fa-check\"><\/i><span class=\"w-text-value\"><\/span><\/span><\/div><h3 class=\"w-post-elm post_title usg_post_title_1 entry-title\">Actualizaci\u00f3n de contenidos<\/h3><\/div>\t\t<\/div>\r\n\t\t\t<\/div>\r\n\t<div class=\"w-grid-item type_term term-26 term-alojamiento-web us_animate_fade ratio_1x1\">\r\n\t\t<div class=\"w-grid-item-h\">\r\n\t\t\t\t\t\t<div class=\"w-hwrapper usg_hwrapper_1 align_none valign_middle\" style=\"--hwrapper-gap:0.6rem\"><div class=\"w-text usg_text_1 no_text icon_atleft\"><span class=\"w-text-h\"><i class=\"far fa-check\"><\/i><span class=\"w-text-value\"><\/span><\/span><\/div><h3 class=\"w-post-elm post_title usg_post_title_1 entry-title\">Alojamiento web<\/h3><\/div>\t\t<\/div>\r\n\t\t\t<\/div>\r\n\t<div class=\"w-grid-item type_term term-27 term-codigos-qr us_animate_fade ratio_1x1\">\r\n\t\t<div class=\"w-grid-item-h\">\r\n\t\t\t\t\t\t<div class=\"w-hwrapper usg_hwrapper_1 align_none valign_middle\" style=\"--hwrapper-gap:0.6rem\"><div class=\"w-text usg_text_1 no_text icon_atleft\"><span class=\"w-text-h\"><i class=\"far fa-check\"><\/i><span class=\"w-text-value\"><\/span><\/span><\/div><h3 class=\"w-post-elm post_title usg_post_title_1 entry-title\">C\u00f3digos QR<\/h3><\/div>\t\t<\/div>\r\n\t\t\t<\/div>\r\n\t<div class=\"w-grid-item type_term term-29 term-desarrollo-web us_animate_fade ratio_1x1\">\r\n\t\t<div class=\"w-grid-item-h\">\r\n\t\t\t\t\t\t<div class=\"w-hwrapper usg_hwrapper_1 align_none valign_middle\" style=\"--hwrapper-gap:0.6rem\"><div class=\"w-text usg_text_1 no_text icon_atleft\"><span class=\"w-text-h\"><i class=\"far fa-check\"><\/i><span class=\"w-text-value\"><\/span><\/span><\/div><h3 class=\"w-post-elm post_title usg_post_title_1 entry-title\">Desarrollo web<\/h3><\/div>\t\t<\/div>\r\n\t\t\t<\/div>\r\n\t<div class=\"w-grid-item type_term term-31 term-diseno-web us_animate_fade ratio_1x1\">\r\n\t\t<div class=\"w-grid-item-h\">\r\n\t\t\t\t\t\t<div class=\"w-hwrapper usg_hwrapper_1 align_none valign_middle\" style=\"--hwrapper-gap:0.6rem\"><div class=\"w-text usg_text_1 no_text icon_atleft\"><span class=\"w-text-h\"><i class=\"far fa-check\"><\/i><span class=\"w-text-value\"><\/span><\/span><\/div><h3 class=\"w-post-elm post_title usg_post_title_1 entry-title\">Dise\u00f1o web<\/h3><\/div>\t\t<\/div>\r\n\t\t\t<\/div>\r\n\t<div class=\"w-grid-item type_term term-33 term-posicionamiento-web-seo us_animate_fade ratio_1x1\">\r\n\t\t<div class=\"w-grid-item-h\">\r\n\t\t\t\t\t\t<div class=\"w-hwrapper usg_hwrapper_1 align_none valign_middle\" style=\"--hwrapper-gap:0.6rem\"><div class=\"w-text usg_text_1 no_text icon_atleft\"><span class=\"w-text-h\"><i class=\"far fa-check\"><\/i><span class=\"w-text-value\"><\/span><\/span><\/div><h3 class=\"w-post-elm post_title usg_post_title_1 entry-title\">Posicionamiento web (SEO)<\/h3><\/div>\t\t<\/div>\r\n\t\t\t<\/div>\r\n\t<div class=\"w-grid-item type_term term-35 term-registro-y-custodia-de-dominios us_animate_fade ratio_1x1\">\r\n\t\t<div class=\"w-grid-item-h\">\r\n\t\t\t\t\t\t<div class=\"w-hwrapper usg_hwrapper_1 align_none valign_middle\" style=\"--hwrapper-gap:0.6rem\"><div class=\"w-text usg_text_1 no_text icon_atleft\"><span class=\"w-text-h\"><i class=\"far fa-check\"><\/i><span class=\"w-text-value\"><\/span><\/span><\/div><h3 class=\"w-post-elm post_title usg_post_title_1 entry-title\">Registro y custodia de dominios<\/h3><\/div>\t\t<\/div>\r\n\t\t\t<\/div>\r\n\t<div class=\"w-grid-item type_term term-37 term-servicio-de-correo-electronico us_animate_fade ratio_1x1\">\r\n\t\t<div class=\"w-grid-item-h\">\r\n\t\t\t\t\t\t<div class=\"w-hwrapper usg_hwrapper_1 align_none valign_middle\" style=\"--hwrapper-gap:0.6rem\"><div class=\"w-text usg_text_1 no_text icon_atleft\"><span class=\"w-text-h\"><i class=\"far fa-check\"><\/i><span class=\"w-text-value\"><\/span><\/span><\/div><h3 class=\"w-post-elm post_title usg_post_title_1 entry-title\">Servicio de correo electr\u00f3nico<\/h3><\/div>\t\t<\/div>\r\n\t\t\t<\/div>\r\n<\/div><\/div><div class=\"w-separator size_medium\"><\/div><\/div><\/div><\/div><\/div><\/div><\/section>\n","protected":false},"excerpt":{"rendered":"Servicios Dise\u00f1o, desarrollo y mantenimiento de webs. M\u00e1s informaci\u00f3nContamos con una amplia experiencia en la creaci\u00f3n, mantenimiento y posicionamiento SEO de webs. Nos encargamos del dise\u00f1o, desarrollo y optimizaci\u00f3n de p\u00e1ginas, para ofrecer una experiencia de usuario eficiente. Tambi\u00e9n registramos y custodiamos dominios de Internet, alojamos y mejoramos el rendimiento de las aplicaciones web, mantenemos...","protected":false},"author":1,"featured_media":0,"parent":0,"menu_order":0,"comment_status":"closed","ping_status":"closed","template":"","meta":{"_acf_changed":false,"footnotes":""},"class_list":["post-3720","page","type-page","status-publish","hentry"],"acf":[],"_links":{"self":[{"href":"https:\/\/www.mallorcaweb.com\/es\/wp-json\/wp\/v2\/pages\/3720","targetHints":{"allow":["GET"]}}],"collection":[{"href":"https:\/\/www.mallorcaweb.com\/es\/wp-json\/wp\/v2\/pages"}],"about":[{"href":"https:\/\/www.mallorcaweb.com\/es\/wp-json\/wp\/v2\/types\/page"}],"author":[{"embeddable":true,"href":"https:\/\/www.mallorcaweb.com\/es\/wp-json\/wp\/v2\/users\/1"}],"replies":[{"embeddable":true,"href":"https:\/\/www.mallorcaweb.com\/es\/wp-json\/wp\/v2\/comments?post=3720"}],"version-history":[{"count":61,"href":"https:\/\/www.mallorcaweb.com\/es\/wp-json\/wp\/v2\/pages\/3720\/revisions"}],"predecessor-version":[{"id":5660,"href":"https:\/\/www.mallorcaweb.com\/es\/wp-json\/wp\/v2\/pages\/3720\/revisions\/5660"}],"wp:attachment":[{"href":"https:\/\/www.mallorcaweb.com\/es\/wp-json\/wp\/v2\/media?parent=3720"}],"curies":[{"name":"wp","href":"https:\/\/api.w.org\/{rel}","templated":true}]}}